{"id":4483,"date":"2018-07-09T07:28:37","date_gmt":"2018-07-09T11:28:37","guid":{"rendered":"http:\/\/launchpadpei.com\/?page_id=4483"},"modified":"2021-04-22T10:12:21","modified_gmt":"2021-04-22T14:12:21","slug":"corporate-partners","status":"publish","type":"page","link":"https:\/\/launchpadpei.com\/fr\/corporate-partners\/","title":{"rendered":"Partenaire d&rsquo;entreprise"},"content":{"rendered":"<h3><img loading=\"lazy\" decoding=\"async\" class=\" wp-image-4488 alignleft\" src=\"http:\/\/launchpadpei.com\/wp-content\/uploads\/2018\/07\/invesco_stacked_blue.png\" alt=\"\" width=\"243\" height=\"213\" srcset=\"https:\/\/launchpadpei.com\/wp-content\/uploads\/2018\/07\/invesco_stacked_blue.png 800w, https:\/\/launchpadpei.com\/wp-content\/uploads\/2018\/07\/invesco_stacked_blue-300x263.png 300w, https:\/\/launchpadpei.com\/wp-content\/uploads\/2018\/07\/invesco_stacked_blue-768x672.png 768w, https:\/\/launchpadpei.com\/wp-content\/uploads\/2018\/07\/invesco_stacked_blue-560x490.png 560w, https:\/\/launchpadpei.com\/wp-content\/uploads\/2018\/07\/invesco_stacked_blue-743x650.png 743w, https:\/\/launchpadpei.com\/wp-content\/uploads\/2018\/07\/invesco_stacked_blue-103x90.png 103w\" sizes=\"auto, (max-width: 243px) 100vw, 243px\" \/><\/h3>\n<h3>Invesco<\/h3>\n<p>Invesco est l\u2019une des plus importantes entreprises d\u2019investissement au monde. En effet, elle g\u00e8re plus de 970 G$ US en actifs pour des investisseurs individuels et institutionnels partout dans le monde. Invesco emploie pr\u00e8s de 7000 personnes parmi 25 pays. L\u2019entreprise vise \u00e0 aider les gens \u00e0 mieux profiter de la vie gr\u00e2ce \u00e0 leurs investissements. Invesco est inscrite \u00e0 la New York Stock Exchange sous le symbole \u00ab\u2009IVZ\u2009\u00bb. <\/p>\n<p>Notre centre de services internationaux \u00e0 Charlottetown, qui compte 330 employ\u00e9s, appuie un large \u00e9ventail de fonctions op\u00e9rationnelles, notamment les services aux investisseurs nord-am\u00e9ricains, la s\u00e9curit\u00e9 internationale et la technologie. Comme c\u2019est le cas pour plusieurs industries, les innovations technologiques continuent de faire \u00e9voluer la fa\u00e7on dont les entreprises d\u2019investissement fonctionnent et servent leurs clients. Pour cette raison, dans le cadre de son programme de strat\u00e9gie, d\u2019innovation et de planification technologiques, Invesco tient \u00e0 \u00eatre un partenaire actif d\u2019incubateurs d\u2019entreprises locaux dans les endroits cl\u00e9s o\u00f9 nous faisons des affaires, et LauchPad PEI est un candidat id\u00e9al. Nous utilisons les partenariats externes pour renforcer l\u2019\u00e9cosyst\u00e8me de l\u2019innovation et appuyons la pollinisation crois\u00e9e des meilleures id\u00e9es dans la communaut\u00e9. Notre \u00e9quipe de plan de placement syst\u00e9matique en technologie utilise les technologies de pointe et \u00e9mergentes pour appuyer la mise en \u0153uvre de nos strat\u00e9gies d\u2019affaires prioritaires. L\u2019\u00e9quipe utilise une approche de laboratoire et a recours \u00e0 des m\u00e9thodologies efficaces pour acc\u00e9l\u00e9rer la croissance de l\u2019innovation et de la technologie financi\u00e8re dans la gestion des actifs.<\/p>\n<p>De plus, Invesco peut offrir du mentorat aux entreprises, des analyses de rentabilisation et de la r\u00e9troaction en la mati\u00e8re, et une exp\u00e9rience de pr\u00e9sentation authentique. Invesco demeure ouvert \u00e0 l\u2019exploration d\u2019autres fa\u00e7ons de collaborer avec les jeunes entreprises qui offrent des solutions compl\u00e9mentaires convenant aux objectifs et \u00e0 la strat\u00e9gie de notre entreprise.<\/p>","protected":false},"excerpt":{"rendered":"<p>Invesco Invesco est l\u2019une des plus importantes entreprises d\u2019investissement au monde. En effet, elle g\u00e8re plus de 970 G$ US en actifs pour des investisseurs individuels et institutionnels partout dans le monde. Invesco emploie pr\u00e8s de 7000 personnes parmi 25 pays. L\u2019entreprise vise \u00e0 aider les gens \u00e0 mieux profiter de la vie gr\u00e2ce \u00e0 [&hellip;]<\/p>\n","protected":false},"author":1,"featured_media":0,"parent":0,"menu_order":0,"comment_status":"0","ping_status":"open","template":"","meta":{"footnotes":""},"class_list":["post-4483","page","type-page","status-publish","hentry"],"_links":{"self":[{"href":"https:\/\/launchpadpei.com\/fr\/wp-json\/wp\/v2\/pages\/4483","targetHints":{"allow":["GET"]}}],"collection":[{"href":"https:\/\/launchpadpei.com\/fr\/wp-json\/wp\/v2\/pages"}],"about":[{"href":"https:\/\/launchpadpei.com\/fr\/wp-json\/wp\/v2\/types\/page"}],"author":[{"embeddable":true,"href":"https:\/\/launchpadpei.com\/fr\/wp-json\/wp\/v2\/users\/1"}],"replies":[{"embeddable":true,"href":"https:\/\/launchpadpei.com\/fr\/wp-json\/wp\/v2\/comments?post=4483"}],"version-history":[{"count":13,"href":"https:\/\/launchpadpei.com\/fr\/wp-json\/wp\/v2\/pages\/4483\/revisions"}],"predecessor-version":[{"id":4577,"href":"https:\/\/launchpadpei.com\/fr\/wp-json\/wp\/v2\/pages\/4483\/revisions\/4577"}],"wp:attachment":[{"href":"https:\/\/launchpadpei.com\/fr\/wp-json\/wp\/v2\/media?parent=4483"}],"curies":[{"name":"wp","href":"https:\/\/api.w.org\/{rel}","templated":true}]}}