{"id":4236,"date":"2018-01-25T09:11:15","date_gmt":"2018-01-25T14:11:15","guid":{"rendered":"http:\/\/launchpadpei.com\/?page_id=4236"},"modified":"2024-09-06T13:47:54","modified_gmt":"2024-09-06T17:47:54","slug":"start-up-visa","status":"publish","type":"page","link":"https:\/\/launchpadpei.com\/fr\/start-up-visa\/","title":{"rendered":"Visa pour d\u00e9marrage."},"content":{"rendered":"<section class=\"columns\">\n<article class=\"col col2\">\n<h4><em><i>Le Programme de visa pour d\u00e9marrage d\u2019entreprise du Canada cible les entrepreneurs \u00e9trangers qui d\u00e9sirent \u00e9tablir une nouvelle entreprise ayant un potentiel de croissance \u00e9lev\u00e9 au Canada.<\/i><\/em><\/h4>\n<p><span style=\"font-weight: 400;\">Pour \u00eatre admissible \u00e0 l\u2019obtention d\u2019un <a href=\"http:\/\/www.cic.gc.ca\/francais\/immigrer\/affaires\/demarrage\/index.asp\" target=\"_blank\" rel=\"noopener\">visa pour d\u00e9marrage<\/a> dans le cadre de ce programme, un entrepreneur doit \u00eatre accept\u00e9 par un programme offert par un incubateur ou un acc\u00e9l\u00e9rateur d\u2019entreprises canadiens d\u00e9sign\u00e9s.<\/span><\/p>\n<p><span style=\"font-weight: 400;\">Exigences\u00a0:<\/span><\/p>\n<ul>\n<li style=\"font-weight: 400;\"><span style=\"font-weight: 400;\">\u00catre propri\u00e9taire d\u2019une entreprise qui g\u00e9n\u00e8re des revenus gr\u00e2ce \u00e0 un produit\/service \u00e9volutif et viable faisant l\u2019objet d\u2019une commercialisation mondiale dans le secteur des technologies de l\u2019information, des services aux entreprises, des sciences biologiques ou de l\u2019\u00e9nergie renouvelable;<\/span><\/li>\n<li style=\"font-weight: 400;\"><span style=\"font-weight: 400;\">Avoir un mod\u00e8le d\u2019entreprise \u00e9tant applicable dans la province et ne nuisant pas aux entreprises locales;<\/span><\/li>\n<li style=\"font-weight: 400;\"><span style=\"font-weight: 400;\">Soumettre un plan d\u2019affaires accompagn\u00e9 de l\u2019\u00e9tat financier de l\u2019entreprise et de l\u2019\u00e9tat des avoirs nets personnels des propri\u00e9taires;<\/span><\/li>\n<li style=\"font-weight: 400;\"><span style=\"font-weight: 400;\">\u00catre une entreprise autonome sur le plan financier ou ouverte aux investissements en capital de risque;<\/span><\/li>\n<li style=\"font-weight: 400;\"><span style=\"font-weight: 400;\">\u00catre pr\u00eat \u00e0 vivre et \u00e0 travailler \u00e0 l\u2019\u00cele-du-Prince-\u00c9douard et \u00e0 travailler dans les bureaux de LaunchPad \u00ce.-P.-\u00c9. pour la premi\u00e8re ann\u00e9e d\u2019activit\u00e9s de l\u2019entreprise dans la province;<\/span><\/li>\n<li style=\"font-weight: 400;\"><span style=\"font-weight: 400;\">Accepter que LaunchPad \u00ce.-P.-\u00c9. fasse une v\u00e9rification pr\u00e9alable de vos ant\u00e9c\u00e9dents, de vos \u00e9tudes et de vos capacit\u00e9s financi\u00e8res;<\/span><\/li>\n<li style=\"font-weight: 400;\"><span style=\"font-weight: 400;\">\u00catre capable de subvenir aux besoins des personnes \u00e0 votre charge au Canada pendant un an (fonds pour l\u2019\u00e9tablissement) &#8211; <\/span><a href=\"http:\/\/www.cic.gc.ca\/francais\/immigrer\/affaires\/demarrage\/admissibilite.asp\"><span style=\"font-weight: 400;\">Exigence du programme f\u00e9d\u00e9ral<\/span><\/a><span style=\"font-weight: 400;\">;<\/span><\/li>\n<li style=\"font-weight: 400;\"><span style=\"font-weight: 400;\">R\u00e9pondre aux exigences linguistiques (fran\u00e7ais ou anglais) &#8211; <\/span><a href=\"http:\/\/www.cic.gc.ca\/francais\/immigrer\/affaires\/demarrage\/admissibilite.asp\"><span style=\"font-weight: 400;\">Exigence du programme f\u00e9d\u00e9ral<\/span><\/a><span style=\"font-weight: 400;\">;<\/span><\/li>\n<li style=\"font-weight: 400;\"><span style=\"font-weight: 400;\">R\u00e9pondre aux exigences concernant la propri\u00e9t\u00e9 de votre entreprise &#8211; <\/span><a href=\"http:\/\/www.cic.gc.ca\/francais\/immigrer\/affaires\/demarrage\/admissibilite.asp\"><span style=\"font-weight: 400;\">Exigence du programme f\u00e9d\u00e9ral<\/span><\/a><span style=\"font-weight: 400;\">;<\/span><\/li>\n<\/ul>\n<p><span style=\"font-weight: 400;\">Si vous \u00eates un entrepreneur et vous souhaitez vous joindre \u00e0 LaunchPad \u00ce.-P.-\u00c9. dans le cadre du Programme de visa pour d\u00e9marrage d\u2019entreprise, veuillez remplir le formulaire ci-dessous.<\/span><\/p>\n<a href=\"https:\/\/launchpadpei.blitzen.com\/form\/Startup-Visa-Program-LaunchPad-PEI-Application-Form\" class=\"btn large light red\" target=\"_blank\"><i class=\"fa fa-rocket\"><\/i>Formulaire<\/a>\n<hr class=\"gap\" style=\"margin:38px 0 0 0;\"><\/article>\n<article class=\"col col2\"><\/article>\n<\/section>\n<h4><\/h4>","protected":false},"excerpt":{"rendered":"","protected":false},"author":1,"featured_media":0,"parent":0,"menu_order":0,"comment_status":"0","ping_status":"open","template":"","meta":{"footnotes":""},"class_list":["post-4236","page","type-page","status-publish","hentry"],"_links":{"self":[{"href":"https:\/\/launchpadpei.com\/fr\/wp-json\/wp\/v2\/pages\/4236","targetHints":{"allow":["GET"]}}],"collection":[{"href":"https:\/\/launchpadpei.com\/fr\/wp-json\/wp\/v2\/pages"}],"about":[{"href":"https:\/\/launchpadpei.com\/fr\/wp-json\/wp\/v2\/types\/page"}],"author":[{"embeddable":true,"href":"https:\/\/launchpadpei.com\/fr\/wp-json\/wp\/v2\/users\/1"}],"replies":[{"embeddable":true,"href":"https:\/\/launchpadpei.com\/fr\/wp-json\/wp\/v2\/comments?post=4236"}],"version-history":[{"count":51,"href":"https:\/\/launchpadpei.com\/fr\/wp-json\/wp\/v2\/pages\/4236\/revisions"}],"predecessor-version":[{"id":4650,"href":"https:\/\/launchpadpei.com\/fr\/wp-json\/wp\/v2\/pages\/4236\/revisions\/4650"}],"wp:attachment":[{"href":"https:\/\/launchpadpei.com\/fr\/wp-json\/wp\/v2\/media?parent=4236"}],"curies":[{"name":"wp","href":"https:\/\/api.w.org\/{rel}","templated":true}]}}