{"id":4200,"date":"2018-01-12T12:39:01","date_gmt":"2018-01-12T17:39:01","guid":{"rendered":"http:\/\/launchpadpei.com\/?page_id=4200"},"modified":"2025-05-07T15:06:47","modified_gmt":"2025-05-07T19:06:47","slug":"about-launchpad","status":"publish","type":"page","link":"https:\/\/launchpadpei.com\/fr\/about-launchpad\/","title":{"rendered":"En Bref"},"content":{"rendered":"<h3>EN BREF<\/h3>\n<p><strong><b>LaunchPad \u00ce.-P.-\u00c9. <\/b><span style=\"font-weight: 400;\">offre du soutien aux jeunes entreprises de l\u2019\u00cele-du-Prince-\u00c9douard depuis plus de 10\u00a0ans, et poss\u00e8de des locaux pour entrepreneurs \u00e0 Charlottetown, \u00e0 Montague et \u00e0 Summerside. Nous avons aid\u00e9 des entrepreneurs locaux \u00e0 d\u00e9marrer leurs activit\u00e9s et des entreprises \u00e0 s\u2019\u00e9tablir \u00e0 l\u2019\u00cele-du-Prince-\u00c9douard. Nos partenaires peuvent aider votre entreprise \u00e0 trouver des ressources techniques et des programmes de financement pouvant appuyer le d\u00e9veloppement de produit et le marketing. De plus, nous avons un partenariat avec un acc\u00e9l\u00e9rateur local. Nous avons aid\u00e9 plusieurs entreprises \u00e0 attirer des investissements et \u00e0 voler de leurs propres ailes. <\/span><\/strong><\/p>\n<p><strong><span style=\"font-weight: 400;\">Vous aurez un acc\u00e8s direct aux m\u00e9canismes de financement des gouvernements f\u00e9d\u00e9ral et provincial, et nous pouvons vous pr\u00e9senter \u00e0 des investisseurs du Canada atlantique. Ces programmes peuvent appuyer vos efforts en mati\u00e8re de d\u00e9veloppement de produit, de marketing, de missions commerciales, etc.<\/span><\/strong>","protected":false},"excerpt":{"rendered":"<p>EN BREF LaunchPad \u00ce.-P.-\u00c9. offre du soutien aux jeunes entreprises de l\u2019\u00cele-du-Prince-\u00c9douard depuis plus de 10\u00a0ans, et poss\u00e8de des locaux pour entrepreneurs \u00e0 Charlottetown, \u00e0 Montague et \u00e0 Summerside. Nous avons aid\u00e9 des entrepreneurs locaux \u00e0 d\u00e9marrer leurs activit\u00e9s et des entreprises \u00e0 s\u2019\u00e9tablir \u00e0 l\u2019\u00cele-du-Prince-\u00c9douard. Nos partenaires peuvent aider votre entreprise \u00e0 trouver des [&hellip;]<\/p>\n","protected":false},"author":3,"featured_media":0,"parent":0,"menu_order":0,"comment_status":"0","ping_status":"closed","template":"","meta":{"footnotes":""},"class_list":["post-4200","page","type-page","status-publish","hentry"],"_links":{"self":[{"href":"https:\/\/launchpadpei.com\/fr\/wp-json\/wp\/v2\/pages\/4200","targetHints":{"allow":["GET"]}}],"collection":[{"href":"https:\/\/launchpadpei.com\/fr\/wp-json\/wp\/v2\/pages"}],"about":[{"href":"https:\/\/launchpadpei.com\/fr\/wp-json\/wp\/v2\/types\/page"}],"author":[{"embeddable":true,"href":"https:\/\/launchpadpei.com\/fr\/wp-json\/wp\/v2\/users\/3"}],"replies":[{"embeddable":true,"href":"https:\/\/launchpadpei.com\/fr\/wp-json\/wp\/v2\/comments?post=4200"}],"version-history":[{"count":46,"href":"https:\/\/launchpadpei.com\/fr\/wp-json\/wp\/v2\/pages\/4200\/revisions"}],"predecessor-version":[{"id":4705,"href":"https:\/\/launchpadpei.com\/fr\/wp-json\/wp\/v2\/pages\/4200\/revisions\/4705"}],"wp:attachment":[{"href":"https:\/\/launchpadpei.com\/fr\/wp-json\/wp\/v2\/media?parent=4200"}],"curies":[{"name":"wp","href":"https:\/\/api.w.org\/{rel}","templated":true}]}}