{"id":3580,"date":"2014-12-23T06:49:13","date_gmt":"2014-12-23T11:49:13","guid":{"rendered":"http:\/\/launchpadpei.com\/?page_id=3580"},"modified":"2026-03-13T11:33:18","modified_gmt":"2026-03-13T15:33:18","slug":"pei-start-ups","status":"publish","type":"page","link":"https:\/\/launchpadpei.com\/fr\/pei-start-ups\/","title":{"rendered":"Jeunes entreprises de l\u2019\u00ce.-P.-\u00c9."},"content":{"rendered":"<section class=\"columns\">\n<article class=\"col col2\">\n<div class=\"formHeader\">\n<h1><span style=\"font-weight: 400;\">Programme pour entreprises locales \u2013<br \/>\nFormulaire de candidature pour LaunchPad \u00ce.-P. \u00c9. <\/span><\/h1>\n<p><span style=\"font-weight: 400;\">Le formulaire de candidature en ligne est destin\u00e9 \u00e0 toute jeune entreprise de l\u2019\u00cele-du-Prince-\u00c9douard s\u2019int\u00e9ressant \u00e0 LaunchPad \u00ce.-P.-\u00c9. et \u00e0 ses services. Bien s\u00fbr, c\u2019est encore mieux de nous rencontrer en personne afin de nous pr\u00e9senter votre entreprise. M\u00eame si nous vivons \u00e0 l\u2019\u00e8re de la technologie, il demeure tr\u00e8s important de se rencontrer en personne afin de discuter de votre vision.<\/span><\/p>\n<p><span style=\"font-weight: 400;\">Si vous soumettez votre candidature en ligne, communiquez avec nous par courriel au pr\u00e9alable afin de nous pr\u00e9venir et faites un suivi apr\u00e8s l\u2019avoir soumise. Vous devez remplir tous les champs pour pouvoir soumettre le formulaire. Merci de vous int\u00e9resser \u00e0 LaunchPad \u00ce.-P.-\u00c9. <\/span><\/p>\n<p><span style=\"font-weight: 400;\">Si vous avez des questions, communiquez avec <\/span><a href=\"mailto:inquiry@launchpadpei.com\">Cody Clinton<\/a>.<\/p>\n<h2><span style=\"font-weight: 400;\">Formulaire de candidature<\/span><\/h2>\n<\/div>\n<div role=\"form\" class=\"wpcf7\" id=\"wpcf7-f3579-o1\" lang=\"en-US\" dir=\"ltr\">\n<div class=\"screen-reader-response\"><\/div>\n<form action=\"\/fr\/wp-json\/wp\/v2\/pages\/3580#wpcf7-f3579-o1\" method=\"post\" class=\"wpcf7-form\" enctype=\"multipart\/form-data\" novalidate=\"novalidate\">\n<div style=\"display: none;\">\n<input type=\"hidden\" name=\"_wpcf7\" value=\"3579\" \/>\n<input type=\"hidden\" name=\"_wpcf7_version\" value=\"5.0.4\" \/>\n<input type=\"hidden\" name=\"_wpcf7_locale\" value=\"en_US\" \/>\n<input type=\"hidden\" name=\"_wpcf7_unit_tag\" value=\"wpcf7-f3579-o1\" \/>\n<input type=\"hidden\" name=\"_wpcf7_container_post\" value=\"0\" \/>\n<\/div>\n<p>Pr\u00e9nom <br \/>\n<span class=\"wpcf7-form-control-wrap first-name\"><input type=\"text\" name=\"first-name\" value=\"\" size=\"40\" class=\"wpcf7-form-control wpcf7-text wpcf7-validates-as-required\" aria-required=\"true\" aria-invalid=\"false\" \/><\/span> <\/p>\n<p>Nom <br \/>\n<span class=\"wpcf7-form-control-wrap last-name\"><input type=\"text\" name=\"last-name\" value=\"\" size=\"40\" class=\"wpcf7-form-control wpcf7-text wpcf7-validates-as-required\" aria-required=\"true\" aria-invalid=\"false\" \/><\/span> <\/p>\n<p>Titre de civilit\u00e9<br \/>\n<span class=\"wpcf7-form-control-wrap radio-989\"><span class=\"wpcf7-form-control wpcf7-radio\"><span class=\"wpcf7-list-item first\"><input type=\"radio\" name=\"radio-989\" value=\"M.\" \/><span class=\"wpcf7-list-item-label\">M.<\/span><\/span><span class=\"wpcf7-list-item\"><input type=\"radio\" name=\"radio-989\" value=\"Mme.\" \/><span class=\"wpcf7-list-item-label\">Mme.<\/span><\/span><span class=\"wpcf7-list-item\"><input type=\"radio\" name=\"radio-989\" value=\"Mme.\" \/><span class=\"wpcf7-list-item-label\">Mme.<\/span><\/span><span class=\"wpcf7-list-item last\"><input type=\"radio\" name=\"radio-989\" value=\"Autre\" \/><span class=\"wpcf7-list-item-label\">Autre<\/span><\/span><\/span><\/span><\/p>\n<p>Nom de l\u2019entreprise <br \/>\n<span class=\"wpcf7-form-control-wrap company-name\"><input type=\"text\" name=\"company-name\" value=\"\" size=\"40\" class=\"wpcf7-form-control wpcf7-text wpcf7-validates-as-required\" aria-required=\"true\" aria-invalid=\"false\" \/><\/span> <\/p>\n<p>Adresse de l\u2019entreprise<br \/>\n<span class=\"wpcf7-form-control-wrap companyaddress\"><input type=\"text\" name=\"companyaddress\" value=\"\" size=\"40\" class=\"wpcf7-form-control wpcf7-text\" aria-invalid=\"false\" \/><\/span><\/p>\n<p>Votre courriel <br \/>\n    <span class=\"wpcf7-form-control-wrap your-email\"><input type=\"email\" name=\"your-email\" value=\"\" size=\"40\" class=\"wpcf7-form-control wpcf7-text wpcf7-email wpcf7-validates-as-required wpcf7-validates-as-email\" aria-required=\"true\" aria-invalid=\"false\" \/><\/span> <\/p>\n<p><i>(Il sera le principal moyen de communication au cours du traitement de votre candidature.)<\/i><\/p>\n<p>Num\u00e9ro de t\u00e9l\u00e9phone<br \/>\n<span class=\"wpcf7-form-control-wrap tel-27\"><input type=\"tel\" name=\"tel-27\" value=\"\" size=\"40\" class=\"wpcf7-form-control wpcf7-text wpcf7-tel wpcf7-validates-as-required wpcf7-validates-as-tel\" aria-required=\"true\" aria-invalid=\"false\" \/><\/span> <\/p>\n<p>Num\u00e9ro de cellulaire<br \/>\n<span class=\"wpcf7-form-control-wrap tel-651\"><input type=\"tel\" name=\"tel-651\" value=\"\" size=\"40\" class=\"wpcf7-form-control wpcf7-text wpcf7-tel wpcf7-validates-as-tel\" aria-invalid=\"false\" \/><\/span><\/p>\n<p>Quel est votre r\u00f4le au sein de l\u2019entreprise?<br \/>\n<span class=\"wpcf7-form-control-wrap radio-491\"><span class=\"wpcf7-form-control wpcf7-radio\"><span class=\"wpcf7-list-item first\"><input type=\"radio\" name=\"radio-491\" value=\"Fondateur\" \/><span class=\"wpcf7-list-item-label\">Fondateur<\/span><\/span><span class=\"wpcf7-list-item\"><input type=\"radio\" name=\"radio-491\" value=\"Employ\u00e9\" \/><span class=\"wpcf7-list-item-label\">Employ\u00e9<\/span><\/span><span class=\"wpcf7-list-item\"><input type=\"radio\" name=\"radio-491\" value=\"Tiers\" \/><span class=\"wpcf7-list-item-label\">Tiers<\/span><\/span><span class=\"wpcf7-list-item last\"><input type=\"radio\" name=\"radio-491\" value=\"Autre\" \/><span class=\"wpcf7-list-item-label\">Autre<\/span><\/span><\/span><\/span><\/p>\n<p>\u00c0 quelle cat\u00e9gorie l\u2019entreprise appartient-elle?<br \/>\n<span class=\"wpcf7-form-control-wrap radio-603\"><span class=\"wpcf7-form-control wpcf7-radio\"><span class=\"wpcf7-list-item first\"><label><input type=\"radio\" name=\"radio-603\" value=\"Entreprise constitu\u00e9e en personne morale\" \/><span class=\"wpcf7-list-item-label\">Entreprise constitu\u00e9e en personne morale<\/span><\/label><\/span><span class=\"wpcf7-list-item\"><label><input type=\"radio\" name=\"radio-603\" value=\"Entreprise individuelle\" \/><span class=\"wpcf7-list-item-label\">Entreprise individuelle<\/span><\/label><\/span><span class=\"wpcf7-list-item\"><label><input type=\"radio\" name=\"radio-603\" value=\"Soci\u00e9t\u00e9 en nom collectif\" \/><span class=\"wpcf7-list-item-label\">Soci\u00e9t\u00e9 en nom collectif<\/span><\/label><\/span><span class=\"wpcf7-list-item last\"><label><input type=\"radio\" name=\"radio-603\" value=\"Autre\" \/><span class=\"wpcf7-list-item-label\">Autre<\/span><\/label><\/span><\/span><\/span><\/p>\n<p>\u00c0 quel secteur l\u2019entreprise appartient-elle?<br \/>\n<span class=\"wpcf7-form-control-wrap radio-660\"><span class=\"wpcf7-form-control wpcf7-radio\"><span class=\"wpcf7-list-item first\"><label><input type=\"radio\" name=\"radio-660\" value=\"Technologies des communications et de l\u2019information\" \/><span class=\"wpcf7-list-item-label\">Technologies des communications et de l\u2019information<\/span><\/label><\/span><span class=\"wpcf7-list-item\"><label><input type=\"radio\" name=\"radio-660\" value=\"Sciences biologiques\/biotechnologie\" \/><span class=\"wpcf7-list-item-label\">Sciences biologiques\/biotechnologie<\/span><\/label><\/span><span class=\"wpcf7-list-item\"><label><input type=\"radio\" name=\"radio-660\" value=\"Fabrication de pointe\" \/><span class=\"wpcf7-list-item-label\">Fabrication de pointe<\/span><\/label><\/span><span class=\"wpcf7-list-item\"><label><input type=\"radio\" name=\"radio-660\" value=\"A\u00e9rospatiale et d\u00e9fense\" \/><span class=\"wpcf7-list-item-label\">A\u00e9rospatiale et d\u00e9fense<\/span><\/label><\/span><span class=\"wpcf7-list-item\"><label><input type=\"radio\" name=\"radio-660\" value=\"Services financiers\" \/><span class=\"wpcf7-list-item-label\">Services financiers<\/span><\/label><\/span><span class=\"wpcf7-list-item\"><label><input type=\"radio\" name=\"radio-660\" value=\"\u00c9nergie renouvelable\/\u00e9cotechnologie\" \/><span class=\"wpcf7-list-item-label\">\u00c9nergie renouvelable\/\u00e9cotechnologie<\/span><\/label><\/span><span class=\"wpcf7-list-item last\"><label><input type=\"radio\" name=\"radio-660\" value=\"Autre\" \/><span class=\"wpcf7-list-item-label\">Autre<\/span><\/label><\/span><\/span><\/span><\/p>\n<p> <br \/>\n<span class=\"wpcf7-form-control-wrap summary\"><textarea name=\"summary\" cols=\"40\" rows=\"10\" class=\"wpcf7-form-control wpcf7-textarea\" aria-invalid=\"false\"><\/textarea><\/span><\/p>\n<p>O\u00f9 est rendu le d\u00e9veloppement du produit ou du service de l\u2019entreprise?<br \/>\n<span class=\"wpcf7-form-control-wrap radio-499\"><span class=\"wpcf7-form-control wpcf7-radio\"><span class=\"wpcf7-list-item first\"><label><input type=\"radio\" name=\"radio-499\" value=\"Concept\" \/><span class=\"wpcf7-list-item-label\">Concept<\/span><\/label><\/span><span class=\"wpcf7-list-item\"><label><input type=\"radio\" name=\"radio-499\" value=\"Phase alpha\" \/><span class=\"wpcf7-list-item-label\">Phase alpha<\/span><\/label><\/span><span class=\"wpcf7-list-item\"><label><input type=\"radio\" name=\"radio-499\" value=\"Phase b\u00eata\" \/><span class=\"wpcf7-list-item-label\">Phase b\u00eata<\/span><\/label><\/span><span class=\"wpcf7-list-item last\"><label><input type=\"radio\" name=\"radio-499\" value=\"Pr\u00eat pour la mise en march\u00e9\" \/><span class=\"wpcf7-list-item-label\">Pr\u00eat pour la mise en march\u00e9<\/span><\/label><\/span><\/span><\/span><\/p>\n<p>Pr\u00e9sentez les membres de l\u2019\u00e9quipe de gestion en parlant notamment de leurs \u00e9tudes, leurs comp\u00e9tences et leur r\u00f4le au sein de l\u2019entreprise.<br \/>\n<span class=\"wpcf7-form-control-wrap management-team\"><textarea name=\"management-team\" cols=\"40\" rows=\"10\" class=\"wpcf7-form-control wpcf7-textarea\" aria-invalid=\"false\"><\/textarea><\/span><\/p>\n<p>Avez-vous des mentors ou des conseillers en affaires?<br \/>\n<span class=\"wpcf7-form-control-wrap mentors\"><textarea name=\"mentors\" cols=\"40\" rows=\"10\" class=\"wpcf7-form-control wpcf7-textarea\" aria-invalid=\"false\"><\/textarea><\/span><\/p>\n<p>D\u00e9crivez votre produit en d\u00e9tail. \u00c0 quelles technologies fait-il appel? Comment se distingue-t-il de ce qui est actuellement offert? Qu\u2019a-t-il d\u2019unique et de novateur?<br \/>\n<span class=\"wpcf7-form-control-wrap product\"><textarea name=\"product\" cols=\"40\" rows=\"10\" class=\"wpcf7-form-control wpcf7-textarea\" aria-invalid=\"false\"><\/textarea><\/span><\/p>\n<p>Est-ce que la propri\u00e9t\u00e9 intellectuelle li\u00e9e \u00e0 votre produit\/service vous appartient?<br \/>\n<span class=\"wpcf7-form-control-wrap IP\"><textarea name=\"IP\" cols=\"40\" rows=\"10\" class=\"wpcf7-form-control wpcf7-textarea wpcf7-validates-as-required\" aria-required=\"true\" aria-invalid=\"false\"><\/textarea><\/span><\/p>\n<p>Est-ce qu\u2019il y a des d\u00e9fis ou des risques li\u00e9s \u00e0 l\u2019occasion d\u2019affaires?<br \/>\n<span class=\"wpcf7-form-control-wrap risks\"><textarea name=\"risks\" cols=\"40\" rows=\"10\" class=\"wpcf7-form-control wpcf7-textarea wpcf7-validates-as-required\" aria-required=\"true\" aria-invalid=\"false\"><\/textarea><\/span><\/p>\n<p>D\u00e9crivez le cr\u00e9neau de march\u00e9 et le march\u00e9 cible en d\u00e9tail.<br \/>\n<span class=\"wpcf7-form-control-wrap market\"><textarea name=\"market\" cols=\"40\" rows=\"10\" class=\"wpcf7-form-control wpcf7-textarea\" aria-invalid=\"false\"><\/textarea><\/span><\/p>\n<p>Avez-vous re\u00e7u du financement pour votre entreprise?<br \/>\n<span class=\"wpcf7-form-control-wrap radio-122\"><span class=\"wpcf7-form-control wpcf7-radio\"><span class=\"wpcf7-list-item first\"><label><input type=\"radio\" name=\"radio-122\" value=\"Autofinanc\u00e9e\" \/><span class=\"wpcf7-list-item-label\">Autofinanc\u00e9e<\/span><\/label><\/span><span class=\"wpcf7-list-item\"><label><input type=\"radio\" name=\"radio-122\" value=\"Amis et famille\" \/><span class=\"wpcf7-list-item-label\">Amis et famille<\/span><\/label><\/span><span class=\"wpcf7-list-item\"><label><input type=\"radio\" name=\"radio-122\" value=\"Investissement priv\u00e9 (veuillez expliquer ci-dessous)\" \/><span class=\"wpcf7-list-item-label\">Investissement priv\u00e9 (veuillez expliquer ci-dessous)<\/span><\/label><\/span><span class=\"wpcf7-list-item last\"><label><input type=\"radio\" name=\"radio-122\" value=\"Aucun financement \u00e0 ce jour\" \/><span class=\"wpcf7-list-item-label\">Aucun financement \u00e0 ce jour<\/span><\/label><\/span><\/span><\/span><\/p>\n<p>Veuillez d\u00e9crire l\u2019investissement (s\u2019il y a lieu).<br\/><br \/>\n<span class=\"wpcf7-form-control-wrap textarea-698\"><textarea name=\"textarea-698\" cols=\"40\" rows=\"10\" class=\"wpcf7-form-control wpcf7-textarea\" aria-invalid=\"false\"><\/textarea><\/span><\/p>\n<p><strong>Renseignements sur les autres fondateurs :<\/strong><br \/>\nSi votre entreprise a d\u2019autres fondateurs, veuillez les lister et fournir leurs coordonn\u00e9es. Si vous \u00eates l\u2019unique fondateur et propri\u00e9taire de l\u2019entreprise, veuillez laisser le champ vide.<br \/>\n<span class=\"wpcf7-form-control-wrap textarea-347\"><textarea name=\"textarea-347\" cols=\"40\" rows=\"10\" class=\"wpcf7-form-control wpcf7-textarea\" aria-invalid=\"false\"><\/textarea><\/span><\/p>\n<p><strong>Quels sont les principaux \u00e9l\u00e9ments de votre entreprise que vous voulez renforcer au sein de LaunchPad \u00ce.-P.-\u00c9.?<\/strong><br \/>\n<span class=\"wpcf7-form-control-wrap textarea-652\"><textarea name=\"textarea-652\" cols=\"40\" rows=\"10\" class=\"wpcf7-form-control wpcf7-textarea\" aria-invalid=\"false\"><\/textarea><\/span><\/p>\n<p>Veuillez t\u00e9l\u00e9verser votre CV ici. (S\u00e9lectionner un fichier)<br\/><br \/>\n<span class=\"wpcf7-form-control-wrap file-138\"><input type=\"file\" name=\"file-138\" size=\"40\" class=\"wpcf7-form-control wpcf7-file\" accept=\".jpg,.jpeg,.png,.gif,.pdf,.doc,.docx,.ppt,.pptx,.odt,.avi,.ogg,.m4a,.mov,.mp3,.mp4,.mpg,.wav,.wmv\" aria-invalid=\"false\" \/><\/span><\/p>\n<p><input type=\"submit\" value=\"SOUMETTRE\" class=\"wpcf7-form-control wpcf7-submit\" \/><\/p>\n<div class=\"wpcf7-response-output wpcf7-display-none\"><\/div><\/form><\/div><\/article>\n<article class=\"col col2\">\n<p><a href=\"http:\/\/launchpadpei.com\/wp-content\/uploads\/2014\/06\/photo-008.jpg\"><img loading=\"lazy\" decoding=\"async\" class=\"aligncenter wp-image-2456 size-large\" src=\"http:\/\/launchpadpei.com\/wp-content\/uploads\/2014\/06\/photo-008-1024x468.jpg\" alt=\"Image\" width=\"810\" height=\"370\" srcset=\"https:\/\/launchpadpei.com\/wp-content\/uploads\/2014\/06\/photo-008-1024x468.jpg 1024w, https:\/\/launchpadpei.com\/wp-content\/uploads\/2014\/06\/photo-008-300x137.jpg 300w, https:\/\/launchpadpei.com\/wp-content\/uploads\/2014\/06\/photo-008-810x370.jpg 810w, https:\/\/launchpadpei.com\/wp-content\/uploads\/2014\/06\/photo-008-560x256.jpg 560w, https:\/\/launchpadpei.com\/wp-content\/uploads\/2014\/06\/photo-008-1110x507.jpg 1110w, https:\/\/launchpadpei.com\/wp-content\/uploads\/2014\/06\/photo-008-120x54.jpg 120w, https:\/\/launchpadpei.com\/wp-content\/uploads\/2014\/06\/photo-008.jpg 1400w\" sizes=\"auto, (max-width: 810px) 100vw, 810px\" \/><\/a><br \/><\/article>\n<\/section>","protected":false},"excerpt":{"rendered":"","protected":false},"author":1,"featured_media":0,"parent":0,"menu_order":0,"comment_status":"0","ping_status":"open","template":"","meta":{"footnotes":""},"class_list":["post-3580","page","type-page","status-publish","hentry"],"_links":{"self":[{"href":"https:\/\/launchpadpei.com\/fr\/wp-json\/wp\/v2\/pages\/3580","targetHints":{"allow":["GET"]}}],"collection":[{"href":"https:\/\/launchpadpei.com\/fr\/wp-json\/wp\/v2\/pages"}],"about":[{"href":"https:\/\/launchpadpei.com\/fr\/wp-json\/wp\/v2\/types\/page"}],"author":[{"embeddable":true,"href":"https:\/\/launchpadpei.com\/fr\/wp-json\/wp\/v2\/users\/1"}],"replies":[{"embeddable":true,"href":"https:\/\/launchpadpei.com\/fr\/wp-json\/wp\/v2\/comments?post=3580"}],"version-history":[{"count":61,"href":"https:\/\/launchpadpei.com\/fr\/wp-json\/wp\/v2\/pages\/3580\/revisions"}],"predecessor-version":[{"id":4742,"href":"https:\/\/launchpadpei.com\/fr\/wp-json\/wp\/v2\/pages\/3580\/revisions\/4742"}],"wp:attachment":[{"href":"https:\/\/launchpadpei.com\/fr\/wp-json\/wp\/v2\/media?parent=3580"}],"curies":[{"name":"wp","href":"https:\/\/api.w.org\/{rel}","templated":true}]}}