{"id":3227,"date":"2014-12-09T10:16:33","date_gmt":"2014-12-09T15:16:33","guid":{"rendered":"http:\/\/launchpad.prevailcreative.com\/?page_id=3227"},"modified":"2017-09-15T13:10:08","modified_gmt":"2017-09-15T17:10:08","slug":"expanding-to-pei","status":"publish","type":"page","link":"https:\/\/launchpadpei.com\/fr\/expanding-to-pei\/","title":{"rendered":"S\u2019\u00e9tablir \u00e0 l\u2019\u00ce.-P.-\u00c9."},"content":{"rendered":"<section class=\"columns\">\n<article class=\"col col2\">\n<h5><\/h5>\n<p>&nbsp;<\/p>\n<h5>LaunchPad \u00ce.-P.-\u00c9. collabore avec Innovation \u00ce.-P.-\u00c9. et Investir \u00e0 l\u2019\u00ce.-P.-\u00c9. pour appuyer les entreprises qui d\u00e9sirent s\u2019\u00e9tablir \u00e0 l\u2019\u00cele-du-Prince-\u00c9douard.<\/h5>\n<p><strong><em>Offre:<\/em><\/strong><\/p>\n<ul>\n<li style=\"font-weight: 400;\"><span style=\"font-weight: 400;\">Locaux \u00e0 bureaux am\u00e9nag\u00e9s pour les entreprises s\u2019\u00e9tablissant \u00e0 l\u2019\u00cele-du-Prince-\u00c9douard <\/span><\/li>\n<li style=\"font-weight: 400;\"><span style=\"font-weight: 400;\">Lieu peu co\u00fbteux pour faire des affaires<\/span><\/li>\n<li style=\"font-weight: 400;\"><span style=\"font-weight: 400;\">Conseils et r\u00e9seautage de nos agents de d\u00e9veloppement d\u2019entreprise et d\u2019investissement <\/span><\/li>\n<li style=\"font-weight: 400;\"><span style=\"font-weight: 400;\">Programmes appuyant le marketing et le d\u00e9veloppement de produit<\/span><\/li>\n<li style=\"font-weight: 400;\"><span style=\"font-weight: 400;\">Appui dans la recherche de candidats poss\u00e9dant les comp\u00e9tences requises pour votre entreprise<\/span><\/li>\n<li style=\"font-weight: 400;\"><span style=\"font-weight: 400;\">D\u00e9gr\u00e8vement pour les nouveaux emplois cr\u00e9\u00e9s \u00e0 l\u2019\u00cele-du-Prince-\u00c9douard <\/span><\/li>\n<\/ul>\n<p><span style=\"font-weight: 400;\">LaunchPad \u00ce.-P.-\u00c9. facilite la t\u00e2che aux d\u00e9cideurs en leur fournissant des locaux \u00e0 bureaux s\u00e9curis\u00e9s de qualit\u00e9 au centre des villes de la province. Les locaux sont offerts \u00e0 l\u2019entreprise \u00e0 un prix r\u00e9duit pendant la premi\u00e8re ann\u00e9e de ses activit\u00e9s \u00e0 l\u2019\u00cele-du-Prince-\u00c9douard. Les entreprises peuvent ensuite choisir de rester dans ces locaux au tarif normal ou d\u00e9m\u00e9nager dans un autre emplacement. Notre objectif est de r\u00e9duire les risques li\u00e9s \u00e0 la d\u00e9localisation ou \u00e0 l\u2019expansion de votre entreprise afin que vous soyez confiant dans votre d\u00e9cision de vous \u00e9tablir \u00e0 l\u2019\u00cele-du-Prince-\u00c9douard.<\/span><\/p>\n<p><span style=\"font-weight: 400;\">Les autres services de LaunchPad vous aident \u00e0 convaincre votre haute direction que l\u2019\u00cele-du-Prince-\u00c9douard est un bon choix afin que vous puissiez trouver les bons employ\u00e9s et d\u00e9velopper vos activit\u00e9s \u00e0 l\u2019\u00cele-du-Prince-\u00c9douard en toute confiance.<\/span><\/p>\n<p><span style=\"font-weight: 400;\">Si vous voulez en savoir plus, consultez le site Web <a href=\"http:\/\/investpei.com\/fr\" target=\"_blank\">d\u2019Investir \u00e0 l\u2019\u00ce.-P.-\u00c9.<\/a><\/span><\/p><\/article>\n<article class=\"col col2\">\n<p><iframe loading=\"lazy\" src=\"https:\/\/www.youtube.com\/embed\/SYiSO--59oc\" width=\"450\" height=\"253\" frameborder=\"0\" allowfullscreen=\"allowfullscreen\"><\/iframe><\/p><\/article>\n<\/section>\n<article class=\"content-slider hp-our-clients\"><h3>FAITES COMME PLUSIEURS CLIENTS D\u2019ENVERGURE :<\/h3><div class=\"slider-box\"><ul>\n<li><a href=\"#\"><img decoding=\"async\" src=\"http:\/\/launchpadpei.com\/wp-content\/uploads\/2014\/12\/carta.png\" alt=\"Image\" class=\"logo\"><\/a><\/li>\n<li><a href=\"#\"><img decoding=\"async\" src=\"http:\/\/launchpadpei.com\/wp-content\/uploads\/2014\/12\/contax.png\" alt=\"Image\" class=\"logo\"><\/a><\/li>\n<li><a href=\"#\"><img decoding=\"async\" src=\"http:\/\/launchpadpei.com\/wp-content\/uploads\/2014\/12\/investco.png\" alt=\"Image\" class=\"logo\"><\/a><\/li>\n<li><a href=\"#\"><img decoding=\"async\" src=\"http:\/\/launchpadpei.com\/wp-content\/uploads\/2014\/12\/buchanan.png\" alt=\"Image\" class=\"logo\"><\/a><\/li>\n<li><a href=\"#\"><img decoding=\"async\" src=\"http:\/\/launchpadpei.com\/wp-content\/uploads\/2014\/12\/worklinks.png\" alt=\"Image\" class=\"logo\"><\/a><\/li>\n<li><a href=\"#\"><img decoding=\"async\" src=\"http:\/\/launchpadpei.com\/wp-content\/uploads\/2014\/12\/mphasis.png\" alt=\"Image\" class=\"logo\"><\/a><\/li>\n<li><a href=\"#\"><img decoding=\"async\" src=\"http:\/\/launchpadpei.com\/wp-content\/uploads\/2014\/12\/upside.png\" alt=\"Image\" class=\"logo\"><\/a><\/li>\n<\/ul><\/div><\/article>","protected":false},"excerpt":{"rendered":"","protected":false},"author":1,"featured_media":0,"parent":0,"menu_order":0,"comment_status":"0","ping_status":"open","template":"","meta":{"footnotes":""},"class_list":["post-3227","page","type-page","status-publish","hentry"],"_links":{"self":[{"href":"https:\/\/launchpadpei.com\/fr\/wp-json\/wp\/v2\/pages\/3227","targetHints":{"allow":["GET"]}}],"collection":[{"href":"https:\/\/launchpadpei.com\/fr\/wp-json\/wp\/v2\/pages"}],"about":[{"href":"https:\/\/launchpadpei.com\/fr\/wp-json\/wp\/v2\/types\/page"}],"author":[{"embeddable":true,"href":"https:\/\/launchpadpei.com\/fr\/wp-json\/wp\/v2\/users\/1"}],"replies":[{"embeddable":true,"href":"https:\/\/launchpadpei.com\/fr\/wp-json\/wp\/v2\/comments?post=3227"}],"version-history":[{"count":67,"href":"https:\/\/launchpadpei.com\/fr\/wp-json\/wp\/v2\/pages\/3227\/revisions"}],"predecessor-version":[{"id":4017,"href":"https:\/\/launchpadpei.com\/fr\/wp-json\/wp\/v2\/pages\/3227\/revisions\/4017"}],"wp:attachment":[{"href":"https:\/\/launchpadpei.com\/fr\/wp-json\/wp\/v2\/media?parent=3227"}],"curies":[{"name":"wp","href":"https:\/\/api.w.org\/{rel}","templated":true}]}}